{"id":330,"date":"2020-12-22T04:13:25","date_gmt":"2020-12-22T04:13:25","guid":{"rendered":"https:\/\/demo2wpopal.b-cdn.net\/supplero\/?page_id=330"},"modified":"2026-03-25T21:34:38","modified_gmt":"2026-03-25T21:34:38","slug":"contacto","status":"publish","type":"page","link":"https:\/\/bullet24.shop\/?page_id=330","title":{"rendered":"Contacto"},"content":{"rendered":"\t\t<div data-elementor-type=\"wp-page\" data-elementor-id=\"330\" class=\"elementor elementor-330\" data-elementor-post-type=\"page\">\n\t\t\t\t\t\t<div class=\"elementor-section elementor-top-section elementor-element elementor-element-f198e47 elementor-section-stretched elementor-section-boxed elementor-section-height-default elementor-section-height-default\" data-id=\"f198e47\" data-element_type=\"section\" data-e-type=\"section\" data-settings=\"{&quot;stretch_section&quot;:&quot;section-stretched&quot;}\">\n\t\t\t\t\t\t<div class=\"elementor-container elementor-column-gap-no\">\n\t\t\t\t\t<div class=\"elementor-column elementor-col-100 elementor-top-column elementor-element elementor-element-d1312c9\" data-id=\"d1312c9\" data-element_type=\"column\" data-e-type=\"column\" data-settings=\"{&quot;background_background&quot;:&quot;classic&quot;}\">\n\t\t\t<div class=\"elementor-widget-wrap elementor-element-populated\">\n\t\t\t\t\t\t<div class=\"elementor-section elementor-inner-section elementor-element elementor-element-1c98508 elementor-section-full_width elementor-section-height-default elementor-section-height-default\" data-id=\"1c98508\" data-element_type=\"section\" data-e-type=\"section\">\n\t\t\t\t\t\t<div class=\"elementor-container elementor-column-gap-no\">\n\t\t\t\t\t<div class=\"elementor-column elementor-col-50 elementor-inner-column elementor-element elementor-element-b4136e4\" data-id=\"b4136e4\" data-element_type=\"column\" data-e-type=\"column\">\n\t\t\t<div class=\"elementor-widget-wrap elementor-element-populated\">\n\t\t\t\t\t\t<div class=\"elementor-element elementor-element-32d8be4 elementor-view-stacked elementor-position-inline-start elementor-shape-circle elementor-mobile-position-block-start elementor-widget elementor-widget-icon-box\" data-id=\"32d8be4\" data-element_type=\"widget\" data-e-type=\"widget\" data-widget_type=\"icon-box.default\">\n\t\t\t\t\t\t\t<div class=\"elementor-icon-box-wrapper\">\n\n\t\t\t\t\t\t<div class=\"elementor-icon-box-icon\">\n\t\t\t\t<span  class=\"elementor-icon\">\n\t\t\t\t<i aria-hidden=\"true\" class=\"supplero-icon- supplero-icon-phone-rotary\"><\/i>\t\t\t\t<\/span>\n\t\t\t<\/div>\n\t\t\t\n\t\t\t\t\t\t<div class=\"elementor-icon-box-content\">\n\n\t\t\t\t\t\t\t\t\t<h3 class=\"elementor-icon-box-title\">\n\t\t\t\t\t\t<span  >\n\t\t\t\t\t\t\tTel\u00e9fono\t\t\t\t\t\t<\/span>\n\t\t\t\t\t<\/h3>\n\t\t\t\t\n\t\t\t\t\t\t\t\t\t<p class=\"elementor-icon-box-description\">\n\t\t\t\t\t\t+506 60509915\t\t\t\t\t<\/p>\n\t\t\t\t\n\t\t\t<\/div>\n\t\t\t\n\t\t<\/div>\n\t\t\t\t\t\t<\/div>\n\t\t\t\t<div class=\"elementor-element elementor-element-2ec4bfc elementor-view-stacked elementor-position-inline-start elementor-shape-circle elementor-mobile-position-block-start elementor-widget elementor-widget-icon-box\" data-id=\"2ec4bfc\" data-element_type=\"widget\" data-e-type=\"widget\" data-widget_type=\"icon-box.default\">\n\t\t\t\t\t\t\t<div class=\"elementor-icon-box-wrapper\">\n\n\t\t\t\t\t\t<div class=\"elementor-icon-box-icon\">\n\t\t\t\t<span  class=\"elementor-icon\">\n\t\t\t\t<i aria-hidden=\"true\" class=\"supplero-icon- supplero-icon-envelope-open\"><\/i>\t\t\t\t<\/span>\n\t\t\t<\/div>\n\t\t\t\n\t\t\t\t\t\t<div class=\"elementor-icon-box-content\">\n\n\t\t\t\t\t\t\t\t\t<h3 class=\"elementor-icon-box-title\">\n\t\t\t\t\t\t<span  >\n\t\t\t\t\t\t\tCorreo electr\u00f3nico\t\t\t\t\t\t<\/span>\n\t\t\t\t\t<\/h3>\n\t\t\t\t\n\t\t\t\t\t\t\t\t\t<p class=\"elementor-icon-box-description\">\n\t\t\t\t\t\tbullet24vitamins@gmail.com\t\t\t\t\t<\/p>\n\t\t\t\t\n\t\t\t<\/div>\n\t\t\t\n\t\t<\/div>\n\t\t\t\t\t\t<\/div>\n\t\t\t\t\t<\/div>\n\t\t<\/div>\n\t\t\t\t<div class=\"elementor-column elementor-col-50 elementor-inner-column elementor-element elementor-element-5299cbf\" data-id=\"5299cbf\" data-element_type=\"column\" data-e-type=\"column\">\n\t\t\t<div class=\"elementor-widget-wrap elementor-element-populated\">\n\t\t\t\t\t\t<div class=\"elementor-element elementor-element-a762282 elementor-widget elementor-widget-heading\" data-id=\"a762282\" data-element_type=\"widget\" data-e-type=\"widget\" data-widget_type=\"heading.default\">\n\t\t\t\t\t<h2 class=\"elementor-heading-title elementor-size-default\">Env\u00edanos un mensaje<\/h2>\t\t\t\t<\/div>\n\t\t\t\t<div class=\"elementor-element elementor-element-1a531ba elementor-button-align-start elementor-mobile-button-align-center elementor-widget elementor-widget-form\" data-id=\"1a531ba\" data-element_type=\"widget\" data-e-type=\"widget\" data-settings=\"{&quot;step_next_label&quot;:&quot;Next&quot;,&quot;step_previous_label&quot;:&quot;Previous&quot;,&quot;button_width&quot;:&quot;100&quot;,&quot;step_type&quot;:&quot;number_text&quot;,&quot;step_icon_shape&quot;:&quot;circle&quot;}\" data-widget_type=\"form.default\">\n\t\t\t\t\t\t\t<form class=\"elementor-form\" method=\"post\" name=\"New Form\" aria-label=\"New Form\">\n\t\t\t<input type=\"hidden\" name=\"post_id\" value=\"330\"\/>\n\t\t\t<input type=\"hidden\" name=\"form_id\" value=\"1a531ba\"\/>\n\t\t\t<input type=\"hidden\" name=\"referer_title\" value=\"Contacto - Bullet24\" \/>\n\n\t\t\t\t\t\t\t<input type=\"hidden\" name=\"queried_id\" value=\"330\"\/>\n\t\t\t\n\t\t\t<div class=\"elementor-form-fields-wrapper elementor-labels-above\">\n\t\t\t\t\t\t\t\t<div class=\"elementor-field-type-text elementor-field-group elementor-column elementor-field-group-name elementor-col-100\">\n\t\t\t\t\t\t\t\t\t\t\t\t\t<input size=\"1\" type=\"text\" name=\"form_fields[name]\" id=\"form-field-name\" class=\"elementor-field elementor-size-sm  elementor-field-textual\" placeholder=\"Tu nombre\">\n\t\t\t\t\t\t\t\t\t\t\t<\/div>\n\t\t\t\t\t\t\t\t<div class=\"elementor-field-type-email elementor-field-group elementor-column elementor-field-group-email elementor-col-50 elementor-field-required\">\n\t\t\t\t\t\t\t\t\t\t\t\t\t<input size=\"1\" type=\"email\" name=\"form_fields[email]\" id=\"form-field-email\" class=\"elementor-field elementor-size-sm  elementor-field-textual\" placeholder=\"Tu correo electr\u00f3nico\" required=\"required\">\n\t\t\t\t\t\t\t\t\t\t\t<\/div>\n\t\t\t\t\t\t\t\t<div class=\"elementor-field-type-number elementor-field-group elementor-column elementor-field-group-field_6bedbf8 elementor-col-50 elementor-field-required\">\n\t\t\t\t\t\t\t\t<input type=\"number\" name=\"form_fields[field_6bedbf8]\" id=\"form-field-field_6bedbf8\" class=\"elementor-field elementor-size-sm  elementor-field-textual\" placeholder=\"N\u00famero de tel\u00e9fono\" required=\"required\" min=\"\" max=\"\" >\n\t\t\t\t\t\t<\/div>\n\t\t\t\t\t\t\t\t<div class=\"elementor-field-type-textarea elementor-field-group elementor-column elementor-field-group-message elementor-col-100\">\n\t\t\t\t\t<textarea class=\"elementor-field-textual elementor-field  elementor-size-sm\" name=\"form_fields[message]\" id=\"form-field-message\" rows=\"7\" placeholder=\"Mensaje\"><\/textarea>\t\t\t\t<\/div>\n\t\t\t\t\t\t\t\t<div class=\"elementor-field-group elementor-column elementor-field-type-submit elementor-col-100 e-form__buttons\">\n\t\t\t\t\t<button class=\"elementor-button elementor-size-sm\" type=\"submit\">\n\t\t\t\t\t\t<span class=\"elementor-button-content-wrapper\">\n\t\t\t\t\t\t\t\t\t\t\t\t\t\t\t<span class=\"elementor-button-icon\">\n\t\t\t\t\t\t\t\t\t<svg aria-hidden=\"true\" class=\"e-font-icon-svg e-fas-arrow-right\" viewBox=\"0 0 448 512\" xmlns=\"http:\/\/www.w3.org\/2000\/svg\"><path d=\"M190.5 66.9l22.2-22.2c9.4-9.4 24.6-9.4 33.9 0L441 239c9.4 9.4 9.4 24.6 0 33.9L246.6 467.3c-9.4 9.4-24.6 9.4-33.9 0l-22.2-22.2c-9.5-9.5-9.3-25 .4-34.3L311.4 296H24c-13.3 0-24-10.7-24-24v-32c0-13.3 10.7-24 24-24h287.4L190.9 101.2c-9.8-9.3-10-24.8-.4-34.3z\"><\/path><\/svg>\t\t\t\t\t\t\t\t\t\t\t\t\t\t\t\t\t<\/span>\n\t\t\t\t\t\t\t\t\t\t\t\t\t\t\t\t\t\t\t\t\t\t<span class=\"elementor-button-text\">ENVIAR MENSAJE<\/span>\n\t\t\t\t\t\t\t\t\t\t\t\t\t<\/span>\n\t\t\t\t\t<\/button>\n\t\t\t\t<\/div>\n\t\t\t<\/div>\n\t\t<\/form>\n\t\t\t\t\t\t<\/div>\n\t\t\t\t\t<\/div>\n\t\t<\/div>\n\t\t\t\t\t<\/div>\n\t\t<\/div>\n\t\t\t\t\t<\/div>\n\t\t<\/div>\n\t\t\t\t\t<\/div>\n\t\t<\/div>\n\t\t\t\t<div class=\"elementor-section elementor-top-section elementor-element elementor-element-befd813 elementor-section-boxed elementor-section-height-default elementor-section-height-default\" data-id=\"befd813\" data-element_type=\"section\" data-e-type=\"section\">\n\t\t\t\t\t\t<div class=\"elementor-container elementor-column-gap-no\">\n\t\t\t\t\t<div class=\"elementor-column elementor-col-100 elementor-top-column elementor-element elementor-element-195c1d9\" data-id=\"195c1d9\" data-element_type=\"column\" data-e-type=\"column\">\n\t\t\t<div class=\"elementor-widget-wrap elementor-element-populated\">\n\t\t\t\t\t\t<div class=\"elementor-element elementor-element-708bf96 elementor-widget elementor-widget-heading\" data-id=\"708bf96\" data-element_type=\"widget\" data-e-type=\"widget\" data-widget_type=\"heading.default\">\n\t\t\t\t\t<h2 class=\"elementor-heading-title elementor-size-default\">Puntos de venta<\/h2>\t\t\t\t<\/div>\n\t\t\t\t<div class=\"elementor-element elementor-element-6be5147 elementor-widget__width-initial elementor-widget elementor-widget-text-editor\" data-id=\"6be5147\" data-element_type=\"widget\" data-e-type=\"widget\" data-widget_type=\"text-editor.default\">\n\t\t\t\t\t\t\t\t\tBullet24 cuenta con m\u00e1s de 300 puntos de venta en supermercados, farmacias y macrobi\u00f3ticas a nivel nacional.\n Si necesit\u00e1s informaci\u00f3n sobre nuestros productos, escribinos y con gusto te ayudamos.\t\t\t\t\t\t\t\t<\/div>\n\t\t\t\t<div class=\"elementor-element elementor-element-a8bd94e brands elementor-widget elementor-widget-supplero-brand\" data-id=\"a8bd94e\" data-element_type=\"widget\" data-e-type=\"widget\" data-widget_type=\"supplero-brand.default\">\n\t\t\t\t<div class=\"elementor-widget-container\">\n\t\t\t\t\t        <div class=\"elementor-brands\">\n            <div class=\"elementor-brand-wrapper\">\n\n                <div class=\"row supplero-carousel\" data-settings=\"{&quot;navigation&quot;:&quot;none&quot;,&quot;autoplayHoverPause&quot;:false,&quot;autoplay&quot;:true,&quot;autoplaySpeed&quot;:5000,&quot;items&quot;:&quot;6&quot;,&quot;items_tablet&quot;:&quot;6&quot;,&quot;items_mobile&quot;:&quot;3&quot;,&quot;loop&quot;:true}\" data-elementor-columns=\"1\">\n                                            <div class=\"elementor-brand-item column-item\">\n                            <div class=\"elementor-brand-image\">\n                                <a href=\"#\"  title=\"Brand Name\"><img fetchpriority=\"high\" decoding=\"async\" width=\"945\" height=\"352\" src=\"https:\/\/bullet24.shop\/wp-content\/uploads\/2026\/02\/Bullet-24-single-post-001-1.png\" class=\"attachment-large size-large wp-image-6594\" alt=\"\" srcset=\"https:\/\/bullet24.shop\/wp-content\/uploads\/2026\/02\/Bullet-24-single-post-001-1.png 945w, https:\/\/bullet24.shop\/wp-content\/uploads\/2026\/02\/Bullet-24-single-post-001-1-300x112.png 300w, https:\/\/bullet24.shop\/wp-content\/uploads\/2026\/02\/Bullet-24-single-post-001-1-768x286.png 768w, https:\/\/bullet24.shop\/wp-content\/uploads\/2026\/02\/Bullet-24-single-post-001-1-600x223.png 600w\" sizes=\"(max-width: 945px) 100vw, 945px\" \/><\/a>                            <\/div>\n                        <\/div>\n                                            <div class=\"elementor-brand-item column-item\">\n                            <div class=\"elementor-brand-image\">\n                                <a href=\"#\"  title=\"Brand Name\"><img decoding=\"async\" width=\"980\" height=\"499\" src=\"https:\/\/bullet24.shop\/wp-content\/uploads\/2026\/02\/Bullet-24-single-post-001-2-1024x521.png\" class=\"attachment-large size-large wp-image-6593\" alt=\"\" srcset=\"https:\/\/bullet24.shop\/wp-content\/uploads\/2026\/02\/Bullet-24-single-post-001-2-1024x521.png 1024w, https:\/\/bullet24.shop\/wp-content\/uploads\/2026\/02\/Bullet-24-single-post-001-2-300x153.png 300w, https:\/\/bullet24.shop\/wp-content\/uploads\/2026\/02\/Bullet-24-single-post-001-2-768x391.png 768w, https:\/\/bullet24.shop\/wp-content\/uploads\/2026\/02\/Bullet-24-single-post-001-2-600x306.png 600w, https:\/\/bullet24.shop\/wp-content\/uploads\/2026\/02\/Bullet-24-single-post-001-2.png 1080w\" sizes=\"(max-width: 980px) 100vw, 980px\" \/><\/a>                            <\/div>\n                        <\/div>\n                                            <div class=\"elementor-brand-item column-item\">\n                            <div class=\"elementor-brand-image\">\n                                <a href=\"#\"  title=\"Brand Name\"><img decoding=\"async\" width=\"980\" height=\"502\" src=\"https:\/\/bullet24.shop\/wp-content\/uploads\/2026\/02\/Bullet-24-single-post-001-3-1024x525.png\" class=\"attachment-large size-large wp-image-6592\" alt=\"\" srcset=\"https:\/\/bullet24.shop\/wp-content\/uploads\/2026\/02\/Bullet-24-single-post-001-3-1024x525.png 1024w, https:\/\/bullet24.shop\/wp-content\/uploads\/2026\/02\/Bullet-24-single-post-001-3-300x154.png 300w, https:\/\/bullet24.shop\/wp-content\/uploads\/2026\/02\/Bullet-24-single-post-001-3-768x394.png 768w, https:\/\/bullet24.shop\/wp-content\/uploads\/2026\/02\/Bullet-24-single-post-001-3-600x308.png 600w, https:\/\/bullet24.shop\/wp-content\/uploads\/2026\/02\/Bullet-24-single-post-001-3.png 1080w\" sizes=\"(max-width: 980px) 100vw, 980px\" \/><\/a>                            <\/div>\n                        <\/div>\n                                            <div class=\"elementor-brand-item column-item\">\n                            <div class=\"elementor-brand-image\">\n                                <a href=\"#\"  title=\"Brand Name\"><img loading=\"lazy\" decoding=\"async\" width=\"980\" height=\"436\" src=\"https:\/\/bullet24.shop\/wp-content\/uploads\/2026\/02\/Bullet-24-single-post-001-4-1024x456.png\" class=\"attachment-large size-large wp-image-6591\" alt=\"\" srcset=\"https:\/\/bullet24.shop\/wp-content\/uploads\/2026\/02\/Bullet-24-single-post-001-4-1024x456.png 1024w, https:\/\/bullet24.shop\/wp-content\/uploads\/2026\/02\/Bullet-24-single-post-001-4-300x134.png 300w, https:\/\/bullet24.shop\/wp-content\/uploads\/2026\/02\/Bullet-24-single-post-001-4-768x342.png 768w, https:\/\/bullet24.shop\/wp-content\/uploads\/2026\/02\/Bullet-24-single-post-001-4-600x267.png 600w, https:\/\/bullet24.shop\/wp-content\/uploads\/2026\/02\/Bullet-24-single-post-001-4.png 1080w\" sizes=\"(max-width: 980px) 100vw, 980px\" \/><\/a>                            <\/div>\n                        <\/div>\n                                            <div class=\"elementor-brand-item column-item\">\n                            <div class=\"elementor-brand-image\">\n                                <a href=\"#\"  title=\"Brand Name\"><img loading=\"lazy\" decoding=\"async\" width=\"980\" height=\"758\" src=\"https:\/\/bullet24.shop\/wp-content\/uploads\/2026\/02\/Bullet-24-single-post-001-5-1024x792.png\" class=\"attachment-large size-large wp-image-6590\" alt=\"\" srcset=\"https:\/\/bullet24.shop\/wp-content\/uploads\/2026\/02\/Bullet-24-single-post-001-5-1024x792.png 1024w, https:\/\/bullet24.shop\/wp-content\/uploads\/2026\/02\/Bullet-24-single-post-001-5-300x232.png 300w, https:\/\/bullet24.shop\/wp-content\/uploads\/2026\/02\/Bullet-24-single-post-001-5-768x594.png 768w, https:\/\/bullet24.shop\/wp-content\/uploads\/2026\/02\/Bullet-24-single-post-001-5-600x464.png 600w, https:\/\/bullet24.shop\/wp-content\/uploads\/2026\/02\/Bullet-24-single-post-001-5.png 1080w\" sizes=\"(max-width: 980px) 100vw, 980px\" \/><\/a>                            <\/div>\n                        <\/div>\n                                            <div class=\"elementor-brand-item column-item\">\n                            <div class=\"elementor-brand-image\">\n                                <a href=\"#\"  title=\"Brand Name\"><img loading=\"lazy\" decoding=\"async\" width=\"980\" height=\"499\" src=\"https:\/\/bullet24.shop\/wp-content\/uploads\/2026\/02\/Bullet-24-single-post-001-6-1024x521.png\" class=\"attachment-large size-large wp-image-6589\" alt=\"\" srcset=\"https:\/\/bullet24.shop\/wp-content\/uploads\/2026\/02\/Bullet-24-single-post-001-6-1024x521.png 1024w, https:\/\/bullet24.shop\/wp-content\/uploads\/2026\/02\/Bullet-24-single-post-001-6-300x153.png 300w, https:\/\/bullet24.shop\/wp-content\/uploads\/2026\/02\/Bullet-24-single-post-001-6-768x391.png 768w, https:\/\/bullet24.shop\/wp-content\/uploads\/2026\/02\/Bullet-24-single-post-001-6-600x306.png 600w, https:\/\/bullet24.shop\/wp-content\/uploads\/2026\/02\/Bullet-24-single-post-001-6.png 1080w\" sizes=\"(max-width: 980px) 100vw, 980px\" \/><\/a>                            <\/div>\n                        <\/div>\n                                    <\/div>\n            <\/div>\n        <\/div>\n        \t\t\t\t<\/div>\n\t\t\t\t<\/div>\n\t\t\t\t\t<\/div>\n\t\t<\/div>\n\t\t\t\t\t<\/div>\n\t\t<\/div>\n\t\t\t\t<\/div>\n\t\t","protected":false},"excerpt":{"rendered":"<p>Tel\u00e9fono +506 60509915 Correo electr\u00f3nico bullet24vitamins@gmail.com Env\u00edanos un mensaje Puntos de venta Bullet24 cuenta con m\u00e1s de 300 puntos de venta en supermercados, farmacias y macrobi\u00f3ticas a nivel nacional. Si necesit\u00e1s informaci\u00f3n sobre nuestros productos, escribinos y con gusto te ayudamos.<\/p>\n","protected":false},"author":1,"featured_media":0,"parent":0,"menu_order":3,"comment_status":"closed","ping_status":"closed","template":"elementor_header_footer","meta":{"footnotes":""},"class_list":["post-330","page","type-page","status-publish","hentry"],"yoast_head":"<!-- This site is optimized with the Yoast SEO plugin v27.0 - https:\/\/yoast.com\/product\/yoast-seo-wordpress\/ -->\n<title>Contacto - Bullet24<\/title>\n<meta name=\"robots\" content=\"index, follow, max-snippet:-1, max-image-preview:large, max-video-preview:-1\" \/>\n<link rel=\"canonical\" href=\"https:\/\/bullet24.shop\/contacto\/\" \/>\n<meta property=\"og:locale\" content=\"es_ES\" \/>\n<meta property=\"og:type\" content=\"article\" \/>\n<meta property=\"og:title\" content=\"Contacto - Bullet24\" \/>\n<meta property=\"og:description\" content=\"Tel\u00e9fono +506 60509915 Correo electr\u00f3nico bullet24vitamins@gmail.com Env\u00edanos un mensaje Puntos de venta Bullet24 cuenta con m\u00e1s de 300 puntos de venta en supermercados, farmacias y macrobi\u00f3ticas a nivel nacional. Si necesit\u00e1s informaci\u00f3n sobre nuestros productos, escribinos y con gusto te ayudamos.\" \/>\n<meta property=\"og:url\" content=\"https:\/\/bullet24.shop\/contacto\/\" \/>\n<meta property=\"og:site_name\" content=\"Bullet24\" \/>\n<meta property=\"article:modified_time\" content=\"2026-03-25T21:34:38+00:00\" \/>\n<meta property=\"og:image\" content=\"https:\/\/bullet24.shop\/wp-content\/uploads\/2026\/02\/Bullet-24-single-post-001-1.png\" \/>\n\t<meta property=\"og:image:width\" content=\"945\" \/>\n\t<meta property=\"og:image:height\" content=\"352\" \/>\n\t<meta property=\"og:image:type\" content=\"image\/png\" \/>\n<meta name=\"twitter:card\" content=\"summary_large_image\" \/>\n<meta name=\"twitter:label1\" content=\"Tiempo de lectura\" \/>\n\t<meta name=\"twitter:data1\" content=\"2 minutos\" \/>\n<script type=\"application\/ld+json\" class=\"yoast-schema-graph\">{\"@context\":\"https:\/\/schema.org\",\"@graph\":[{\"@type\":\"WebPage\",\"@id\":\"https:\/\/bullet24.shop\/contacto\/\",\"url\":\"https:\/\/bullet24.shop\/contacto\/\",\"name\":\"Contacto - Bullet24\",\"isPartOf\":{\"@id\":\"https:\/\/bullet24.shop\/#website\"},\"primaryImageOfPage\":{\"@id\":\"https:\/\/bullet24.shop\/contacto\/#primaryimage\"},\"image\":{\"@id\":\"https:\/\/bullet24.shop\/contacto\/#primaryimage\"},\"thumbnailUrl\":\"https:\/\/bullet24.shop\/wp-content\/uploads\/2026\/02\/Bullet-24-single-post-001-1.png\",\"datePublished\":\"2020-12-22T04:13:25+00:00\",\"dateModified\":\"2026-03-25T21:34:38+00:00\",\"breadcrumb\":{\"@id\":\"https:\/\/bullet24.shop\/contacto\/#breadcrumb\"},\"inLanguage\":\"es\",\"potentialAction\":[{\"@type\":\"ReadAction\",\"target\":[\"https:\/\/bullet24.shop\/contacto\/\"]}]},{\"@type\":\"ImageObject\",\"inLanguage\":\"es\",\"@id\":\"https:\/\/bullet24.shop\/contacto\/#primaryimage\",\"url\":\"https:\/\/bullet24.shop\/wp-content\/uploads\/2026\/02\/Bullet-24-single-post-001-1.png\",\"contentUrl\":\"https:\/\/bullet24.shop\/wp-content\/uploads\/2026\/02\/Bullet-24-single-post-001-1.png\",\"width\":945,\"height\":352},{\"@type\":\"BreadcrumbList\",\"@id\":\"https:\/\/bullet24.shop\/contacto\/#breadcrumb\",\"itemListElement\":[{\"@type\":\"ListItem\",\"position\":1,\"name\":\"Home\",\"item\":\"https:\/\/bullet24.shop\/\"},{\"@type\":\"ListItem\",\"position\":2,\"name\":\"Contacto\"}]},{\"@type\":\"WebSite\",\"@id\":\"https:\/\/bullet24.shop\/#website\",\"url\":\"https:\/\/bullet24.shop\/\",\"name\":\"Bullet24\",\"description\":\"\",\"publisher\":{\"@id\":\"https:\/\/bullet24.shop\/#organization\"},\"potentialAction\":[{\"@type\":\"SearchAction\",\"target\":{\"@type\":\"EntryPoint\",\"urlTemplate\":\"https:\/\/bullet24.shop\/?s={search_term_string}\"},\"query-input\":{\"@type\":\"PropertyValueSpecification\",\"valueRequired\":true,\"valueName\":\"search_term_string\"}}],\"inLanguage\":\"es\"},{\"@type\":\"Organization\",\"@id\":\"https:\/\/bullet24.shop\/#organization\",\"name\":\"Bullet24\",\"url\":\"https:\/\/bullet24.shop\/\",\"logo\":{\"@type\":\"ImageObject\",\"inLanguage\":\"es\",\"@id\":\"https:\/\/bullet24.shop\/#\/schema\/logo\/image\/\",\"url\":\"https:\/\/bullet24.shop\/wp-content\/uploads\/2025\/10\/Mask-group.png\",\"contentUrl\":\"https:\/\/bullet24.shop\/wp-content\/uploads\/2025\/10\/Mask-group.png\",\"width\":1483,\"height\":385,\"caption\":\"Bullet24\"},\"image\":{\"@id\":\"https:\/\/bullet24.shop\/#\/schema\/logo\/image\/\"}}]}<\/script>\n<!-- \/ Yoast SEO plugin. -->","yoast_head_json":{"title":"Contacto - Bullet24","robots":{"index":"index","follow":"follow","max-snippet":"max-snippet:-1","max-image-preview":"max-image-preview:large","max-video-preview":"max-video-preview:-1"},"canonical":"https:\/\/bullet24.shop\/contacto\/","og_locale":"es_ES","og_type":"article","og_title":"Contacto - Bullet24","og_description":"Tel\u00e9fono +506 60509915 Correo electr\u00f3nico bullet24vitamins@gmail.com Env\u00edanos un mensaje Puntos de venta Bullet24 cuenta con m\u00e1s de 300 puntos de venta en supermercados, farmacias y macrobi\u00f3ticas a nivel nacional. Si necesit\u00e1s informaci\u00f3n sobre nuestros productos, escribinos y con gusto te ayudamos.","og_url":"https:\/\/bullet24.shop\/contacto\/","og_site_name":"Bullet24","article_modified_time":"2026-03-25T21:34:38+00:00","og_image":[{"width":945,"height":352,"url":"https:\/\/bullet24.shop\/wp-content\/uploads\/2026\/02\/Bullet-24-single-post-001-1.png","type":"image\/png"}],"twitter_card":"summary_large_image","twitter_misc":{"Tiempo de lectura":"2 minutos"},"schema":{"@context":"https:\/\/schema.org","@graph":[{"@type":"WebPage","@id":"https:\/\/bullet24.shop\/contacto\/","url":"https:\/\/bullet24.shop\/contacto\/","name":"Contacto - Bullet24","isPartOf":{"@id":"https:\/\/bullet24.shop\/#website"},"primaryImageOfPage":{"@id":"https:\/\/bullet24.shop\/contacto\/#primaryimage"},"image":{"@id":"https:\/\/bullet24.shop\/contacto\/#primaryimage"},"thumbnailUrl":"https:\/\/bullet24.shop\/wp-content\/uploads\/2026\/02\/Bullet-24-single-post-001-1.png","datePublished":"2020-12-22T04:13:25+00:00","dateModified":"2026-03-25T21:34:38+00:00","breadcrumb":{"@id":"https:\/\/bullet24.shop\/contacto\/#breadcrumb"},"inLanguage":"es","potentialAction":[{"@type":"ReadAction","target":["https:\/\/bullet24.shop\/contacto\/"]}]},{"@type":"ImageObject","inLanguage":"es","@id":"https:\/\/bullet24.shop\/contacto\/#primaryimage","url":"https:\/\/bullet24.shop\/wp-content\/uploads\/2026\/02\/Bullet-24-single-post-001-1.png","contentUrl":"https:\/\/bullet24.shop\/wp-content\/uploads\/2026\/02\/Bullet-24-single-post-001-1.png","width":945,"height":352},{"@type":"BreadcrumbList","@id":"https:\/\/bullet24.shop\/contacto\/#breadcrumb","itemListElement":[{"@type":"ListItem","position":1,"name":"Home","item":"https:\/\/bullet24.shop\/"},{"@type":"ListItem","position":2,"name":"Contacto"}]},{"@type":"WebSite","@id":"https:\/\/bullet24.shop\/#website","url":"https:\/\/bullet24.shop\/","name":"Bullet24","description":"","publisher":{"@id":"https:\/\/bullet24.shop\/#organization"},"potentialAction":[{"@type":"SearchAction","target":{"@type":"EntryPoint","urlTemplate":"https:\/\/bullet24.shop\/?s={search_term_string}"},"query-input":{"@type":"PropertyValueSpecification","valueRequired":true,"valueName":"search_term_string"}}],"inLanguage":"es"},{"@type":"Organization","@id":"https:\/\/bullet24.shop\/#organization","name":"Bullet24","url":"https:\/\/bullet24.shop\/","logo":{"@type":"ImageObject","inLanguage":"es","@id":"https:\/\/bullet24.shop\/#\/schema\/logo\/image\/","url":"https:\/\/bullet24.shop\/wp-content\/uploads\/2025\/10\/Mask-group.png","contentUrl":"https:\/\/bullet24.shop\/wp-content\/uploads\/2025\/10\/Mask-group.png","width":1483,"height":385,"caption":"Bullet24"},"image":{"@id":"https:\/\/bullet24.shop\/#\/schema\/logo\/image\/"}}]}},"_links":{"self":[{"href":"https:\/\/bullet24.shop\/index.php?rest_route=\/wp\/v2\/pages\/330","targetHints":{"allow":["GET"]}}],"collection":[{"href":"https:\/\/bullet24.shop\/index.php?rest_route=\/wp\/v2\/pages"}],"about":[{"href":"https:\/\/bullet24.shop\/index.php?rest_route=\/wp\/v2\/types\/page"}],"author":[{"embeddable":true,"href":"https:\/\/bullet24.shop\/index.php?rest_route=\/wp\/v2\/users\/1"}],"replies":[{"embeddable":true,"href":"https:\/\/bullet24.shop\/index.php?rest_route=%2Fwp%2Fv2%2Fcomments&post=330"}],"version-history":[{"count":22,"href":"https:\/\/bullet24.shop\/index.php?rest_route=\/wp\/v2\/pages\/330\/revisions"}],"predecessor-version":[{"id":6968,"href":"https:\/\/bullet24.shop\/index.php?rest_route=\/wp\/v2\/pages\/330\/revisions\/6968"}],"wp:attachment":[{"href":"https:\/\/bullet24.shop\/index.php?rest_route=%2Fwp%2Fv2%2Fmedia&parent=330"}],"curies":[{"name":"wp","href":"https:\/\/api.w.org\/{rel}","templated":true}]}}