{"id":6407,"date":"2025-11-11T15:55:15","date_gmt":"2025-11-11T15:55:15","guid":{"rendered":"https:\/\/bullet24.shop\/?post_type=product&#038;p=6407"},"modified":"2026-03-27T21:07:02","modified_gmt":"2026-03-27T21:07:02","slug":"cbd-drops-bullet24","status":"publish","type":"product","link":"https:\/\/bullet24.shop\/?product=cbd-drops-bullet24","title":{"rendered":"Gotas de CBD Bullet24 (60 ml)"},"content":{"rendered":"<p><strong>CBD Drops (Stress Out Oil) de Bullet24<\/strong>\u00a0es un suplemento avanzado dise\u00f1ado para apoyar el bienestar f\u00edsico y mental mediante los beneficios del cannabidiol (CBD). Su f\u00f3rmula concentrada ayuda a reducir el estr\u00e9s, aliviar el dolor y mejorar la respuesta del cuerpo ante procesos inflamatorios.<\/p>\n<p>Este aceite es ideal para personas que buscan una alternativa natural para manejar la ansiedad, mejorar su calidad de vida y apoyar el equilibrio del sistema nervioso. Gracias a sus propiedades antiinflamatorias y relajantes, tambi\u00e9n puede ser un aliado en el manejo del dolor cr\u00f3nico y el bienestar general.<\/p>\n<h3>Beneficios principales<\/h3>\n<ul>\n<li>Ayuda a reducir el estr\u00e9s y la ansiedad<\/li>\n<li>Contribuye a aliviar el dolor y la inflamaci\u00f3n<\/li>\n<li>Apoya el bienestar del sistema nervioso<\/li>\n<li>Puede mejorar la calidad de vida en condiciones cr\u00f3nicas<\/li>\n<li>F\u00f3rmula l\u00edquida de r\u00e1pida absorci\u00f3n<\/li>\n<\/ul>\n<h3>Modo de uso<\/h3>\n<p>Tomar\u00a0<strong>1 ml al d\u00eda<\/strong>\u00a0o seg\u00fan recomendaci\u00f3n profesional.<\/p>\n<h3>Presentaci\u00f3n<\/h3>\n<ul>\n<li>Frasco de 60 ml<\/li>\n<\/ul>\n<h3>Informaci\u00f3n del suplemento<\/h3>\n<table>\n<tbody>\n<tr>\n<th>Componente<\/th>\n<th>Cantidad por porci\u00f3n<\/th>\n<\/tr>\n<tr>\n<td>Cannabidiol (CBD)<\/td>\n<td>100 mg<\/td>\n<\/tr>\n<tr>\n<td>Calor\u00edas<\/td>\n<td>8<\/td>\n<\/tr>\n<tr>\n<td>Grasas totales<\/td>\n<td>1 g<\/td>\n<\/tr>\n<\/tbody>\n<\/table>\n","protected":false},"excerpt":{"rendered":"<p>Alivio natural para el estr\u00e9s, la ansiedad y el dolor.<br data-start=\"284\" data-end=\"287\" \/>CBD Drops de Bullet24 ayuda a relajar el cuerpo, reducir la inflamaci\u00f3n y mejorar el bienestar general de forma pr\u00e1ctica y efectiva.<\/p>\n","protected":false},"featured_media":6410,"comment_status":"open","ping_status":"closed","template":"","meta":[],"product_cat":[250,252],"product_tag":[175,180,181,179,173,176,174,178,177,160,182],"class_list":{"0":"post-6407","1":"product","2":"type-product","3":"status-publish","4":"has-post-thumbnail","6":"product_brand-bullet24","7":"product_cat-dormir-mejor-estres","8":"product_cat-sistema-inmune","9":"product_tag-aceite-cbd","10":"product_tag-antiinflamatorio-natural","11":"product_tag-bienestar-mental","12":"product_tag-bullet24","13":"product_tag-cbd","14":"product_tag-cbd-ansiedad","15":"product_tag-cbd-costa-rica","16":"product_tag-cbd-dolor","17":"product_tag-cbd-estres","18":"product_tag-relajacion-natural","19":"product_tag-suplemento-cbd","20":"pa_presentacion-gotas","21":"pa_presentacion-liquido","23":"first","24":"instock","25":"shipping-taxable","26":"purchasable","27":"product-type-simple"},"yoast_head":"<!-- This site is optimized with the Yoast SEO plugin v27.0 - https:\/\/yoast.com\/product\/yoast-seo-wordpress\/ -->\n<title>CBD Drops en Costa Rica | Aceite CBD para Estr\u00e9s, Ansiedad y Dolor<\/title>\n<meta name=\"description\" content=\"CBD Drops de Bullet24 ayuda a reducir el estr\u00e9s, la ansiedad y el dolor de forma natural. F\u00f3rmula concentrada con r\u00e1pida absorci\u00f3n. Disponible en Costa Rica.\" \/>\n<meta name=\"robots\" content=\"index, follow, max-snippet:-1, max-image-preview:large, max-video-preview:-1\" \/>\n<link rel=\"canonical\" href=\"https:\/\/bullet24.shop\/producto\/cbd-drops-bullet24\/\" \/>\n<meta property=\"og:locale\" content=\"es_ES\" \/>\n<meta property=\"og:type\" content=\"article\" \/>\n<meta property=\"og:title\" content=\"CBD Drops en Costa Rica | Aceite CBD para Estr\u00e9s, Ansiedad y Dolor\" \/>\n<meta property=\"og:description\" content=\"CBD Drops de Bullet24 ayuda a reducir el estr\u00e9s, la ansiedad y el dolor de forma natural. F\u00f3rmula concentrada con r\u00e1pida absorci\u00f3n. Disponible en Costa Rica.\" \/>\n<meta property=\"og:url\" content=\"https:\/\/bullet24.shop\/producto\/cbd-drops-bullet24\/\" \/>\n<meta property=\"og:site_name\" content=\"Bullet24\" \/>\n<meta property=\"article:modified_time\" content=\"2026-03-27T21:07:02+00:00\" \/>\n<meta property=\"og:image\" content=\"https:\/\/bullet24.shop\/wp-content\/uploads\/2025\/11\/6ea68b3b35ef5587312dd188e47297d0.png\" \/>\n\t<meta property=\"og:image:width\" content=\"800\" \/>\n\t<meta property=\"og:image:height\" content=\"800\" \/>\n\t<meta property=\"og:image:type\" content=\"image\/png\" \/>\n<meta name=\"twitter:card\" content=\"summary_large_image\" \/>\n<meta name=\"twitter:label1\" content=\"Tiempo de lectura\" \/>\n\t<meta name=\"twitter:data1\" content=\"1 minuto\" \/>\n<script type=\"application\/ld+json\" class=\"yoast-schema-graph\">{\"@context\":\"https:\/\/schema.org\",\"@graph\":[{\"@type\":\"WebPage\",\"@id\":\"https:\/\/bullet24.shop\/producto\/cbd-drops-bullet24\/\",\"url\":\"https:\/\/bullet24.shop\/producto\/cbd-drops-bullet24\/\",\"name\":\"CBD Drops en Costa Rica | Aceite CBD para Estr\u00e9s, Ansiedad y Dolor\",\"isPartOf\":{\"@id\":\"https:\/\/bullet24.shop\/#website\"},\"primaryImageOfPage\":{\"@id\":\"https:\/\/bullet24.shop\/producto\/cbd-drops-bullet24\/#primaryimage\"},\"image\":{\"@id\":\"https:\/\/bullet24.shop\/producto\/cbd-drops-bullet24\/#primaryimage\"},\"thumbnailUrl\":\"https:\/\/bullet24.shop\/wp-content\/uploads\/2025\/11\/6ea68b3b35ef5587312dd188e47297d0.png\",\"datePublished\":\"2025-11-11T15:55:15+00:00\",\"dateModified\":\"2026-03-27T21:07:02+00:00\",\"description\":\"CBD Drops de Bullet24 ayuda a reducir el estr\u00e9s, la ansiedad y el dolor de forma natural. F\u00f3rmula concentrada con r\u00e1pida absorci\u00f3n. Disponible en Costa Rica.\",\"breadcrumb\":{\"@id\":\"https:\/\/bullet24.shop\/producto\/cbd-drops-bullet24\/#breadcrumb\"},\"inLanguage\":\"es\",\"potentialAction\":[{\"@type\":\"ReadAction\",\"target\":[\"https:\/\/bullet24.shop\/producto\/cbd-drops-bullet24\/\"]}]},{\"@type\":\"ImageObject\",\"inLanguage\":\"es\",\"@id\":\"https:\/\/bullet24.shop\/producto\/cbd-drops-bullet24\/#primaryimage\",\"url\":\"https:\/\/bullet24.shop\/wp-content\/uploads\/2025\/11\/6ea68b3b35ef5587312dd188e47297d0.png\",\"contentUrl\":\"https:\/\/bullet24.shop\/wp-content\/uploads\/2025\/11\/6ea68b3b35ef5587312dd188e47297d0.png\",\"width\":800,\"height\":800},{\"@type\":\"BreadcrumbList\",\"@id\":\"https:\/\/bullet24.shop\/producto\/cbd-drops-bullet24\/#breadcrumb\",\"itemListElement\":[{\"@type\":\"ListItem\",\"position\":1,\"name\":\"Home\",\"item\":\"https:\/\/bullet24.shop\/\"},{\"@type\":\"ListItem\",\"position\":2,\"name\":\"Tienda\",\"item\":\"https:\/\/bullet24.shop\/tienda\/\"},{\"@type\":\"ListItem\",\"position\":3,\"name\":\"Gotas de CBD Bullet24 (60 ml)\"}]},{\"@type\":\"WebSite\",\"@id\":\"https:\/\/bullet24.shop\/#website\",\"url\":\"https:\/\/bullet24.shop\/\",\"name\":\"Bullet24\",\"description\":\"\",\"publisher\":{\"@id\":\"https:\/\/bullet24.shop\/#organization\"},\"potentialAction\":[{\"@type\":\"SearchAction\",\"target\":{\"@type\":\"EntryPoint\",\"urlTemplate\":\"https:\/\/bullet24.shop\/?s={search_term_string}\"},\"query-input\":{\"@type\":\"PropertyValueSpecification\",\"valueRequired\":true,\"valueName\":\"search_term_string\"}}],\"inLanguage\":\"es\"},{\"@type\":\"Organization\",\"@id\":\"https:\/\/bullet24.shop\/#organization\",\"name\":\"Bullet24\",\"url\":\"https:\/\/bullet24.shop\/\",\"logo\":{\"@type\":\"ImageObject\",\"inLanguage\":\"es\",\"@id\":\"https:\/\/bullet24.shop\/#\/schema\/logo\/image\/\",\"url\":\"https:\/\/bullet24.shop\/wp-content\/uploads\/2025\/10\/Mask-group.png\",\"contentUrl\":\"https:\/\/bullet24.shop\/wp-content\/uploads\/2025\/10\/Mask-group.png\",\"width\":1483,\"height\":385,\"caption\":\"Bullet24\"},\"image\":{\"@id\":\"https:\/\/bullet24.shop\/#\/schema\/logo\/image\/\"}}]}<\/script>\n<!-- \/ Yoast SEO plugin. -->","yoast_head_json":{"title":"CBD Drops en Costa Rica | Aceite CBD para Estr\u00e9s, Ansiedad y Dolor","description":"CBD Drops de Bullet24 ayuda a reducir el estr\u00e9s, la ansiedad y el dolor de forma natural. F\u00f3rmula concentrada con r\u00e1pida absorci\u00f3n. Disponible en Costa Rica.","robots":{"index":"index","follow":"follow","max-snippet":"max-snippet:-1","max-image-preview":"max-image-preview:large","max-video-preview":"max-video-preview:-1"},"canonical":"https:\/\/bullet24.shop\/producto\/cbd-drops-bullet24\/","og_locale":"es_ES","og_type":"article","og_title":"CBD Drops en Costa Rica | Aceite CBD para Estr\u00e9s, Ansiedad y Dolor","og_description":"CBD Drops de Bullet24 ayuda a reducir el estr\u00e9s, la ansiedad y el dolor de forma natural. F\u00f3rmula concentrada con r\u00e1pida absorci\u00f3n. Disponible en Costa Rica.","og_url":"https:\/\/bullet24.shop\/producto\/cbd-drops-bullet24\/","og_site_name":"Bullet24","article_modified_time":"2026-03-27T21:07:02+00:00","og_image":[{"width":800,"height":800,"url":"https:\/\/bullet24.shop\/wp-content\/uploads\/2025\/11\/6ea68b3b35ef5587312dd188e47297d0.png","type":"image\/png"}],"twitter_card":"summary_large_image","twitter_misc":{"Tiempo de lectura":"1 minuto"},"schema":{"@context":"https:\/\/schema.org","@graph":[{"@type":"WebPage","@id":"https:\/\/bullet24.shop\/producto\/cbd-drops-bullet24\/","url":"https:\/\/bullet24.shop\/producto\/cbd-drops-bullet24\/","name":"CBD Drops en Costa Rica | Aceite CBD para Estr\u00e9s, Ansiedad y Dolor","isPartOf":{"@id":"https:\/\/bullet24.shop\/#website"},"primaryImageOfPage":{"@id":"https:\/\/bullet24.shop\/producto\/cbd-drops-bullet24\/#primaryimage"},"image":{"@id":"https:\/\/bullet24.shop\/producto\/cbd-drops-bullet24\/#primaryimage"},"thumbnailUrl":"https:\/\/bullet24.shop\/wp-content\/uploads\/2025\/11\/6ea68b3b35ef5587312dd188e47297d0.png","datePublished":"2025-11-11T15:55:15+00:00","dateModified":"2026-03-27T21:07:02+00:00","description":"CBD Drops de Bullet24 ayuda a reducir el estr\u00e9s, la ansiedad y el dolor de forma natural. F\u00f3rmula concentrada con r\u00e1pida absorci\u00f3n. Disponible en Costa Rica.","breadcrumb":{"@id":"https:\/\/bullet24.shop\/producto\/cbd-drops-bullet24\/#breadcrumb"},"inLanguage":"es","potentialAction":[{"@type":"ReadAction","target":["https:\/\/bullet24.shop\/producto\/cbd-drops-bullet24\/"]}]},{"@type":"ImageObject","inLanguage":"es","@id":"https:\/\/bullet24.shop\/producto\/cbd-drops-bullet24\/#primaryimage","url":"https:\/\/bullet24.shop\/wp-content\/uploads\/2025\/11\/6ea68b3b35ef5587312dd188e47297d0.png","contentUrl":"https:\/\/bullet24.shop\/wp-content\/uploads\/2025\/11\/6ea68b3b35ef5587312dd188e47297d0.png","width":800,"height":800},{"@type":"BreadcrumbList","@id":"https:\/\/bullet24.shop\/producto\/cbd-drops-bullet24\/#breadcrumb","itemListElement":[{"@type":"ListItem","position":1,"name":"Home","item":"https:\/\/bullet24.shop\/"},{"@type":"ListItem","position":2,"name":"Tienda","item":"https:\/\/bullet24.shop\/tienda\/"},{"@type":"ListItem","position":3,"name":"Gotas de CBD Bullet24 (60 ml)"}]},{"@type":"WebSite","@id":"https:\/\/bullet24.shop\/#website","url":"https:\/\/bullet24.shop\/","name":"Bullet24","description":"","publisher":{"@id":"https:\/\/bullet24.shop\/#organization"},"potentialAction":[{"@type":"SearchAction","target":{"@type":"EntryPoint","urlTemplate":"https:\/\/bullet24.shop\/?s={search_term_string}"},"query-input":{"@type":"PropertyValueSpecification","valueRequired":true,"valueName":"search_term_string"}}],"inLanguage":"es"},{"@type":"Organization","@id":"https:\/\/bullet24.shop\/#organization","name":"Bullet24","url":"https:\/\/bullet24.shop\/","logo":{"@type":"ImageObject","inLanguage":"es","@id":"https:\/\/bullet24.shop\/#\/schema\/logo\/image\/","url":"https:\/\/bullet24.shop\/wp-content\/uploads\/2025\/10\/Mask-group.png","contentUrl":"https:\/\/bullet24.shop\/wp-content\/uploads\/2025\/10\/Mask-group.png","width":1483,"height":385,"caption":"Bullet24"},"image":{"@id":"https:\/\/bullet24.shop\/#\/schema\/logo\/image\/"}}]}},"_links":{"self":[{"href":"https:\/\/bullet24.shop\/index.php?rest_route=\/wp\/v2\/product\/6407","targetHints":{"allow":["GET"]}}],"collection":[{"href":"https:\/\/bullet24.shop\/index.php?rest_route=\/wp\/v2\/product"}],"about":[{"href":"https:\/\/bullet24.shop\/index.php?rest_route=\/wp\/v2\/types\/product"}],"replies":[{"embeddable":true,"href":"https:\/\/bullet24.shop\/index.php?rest_route=%2Fwp%2Fv2%2Fcomments&post=6407"}],"wp:featuredmedia":[{"embeddable":true,"href":"https:\/\/bullet24.shop\/index.php?rest_route=\/wp\/v2\/media\/6410"}],"wp:attachment":[{"href":"https:\/\/bullet24.shop\/index.php?rest_route=%2Fwp%2Fv2%2Fmedia&parent=6407"}],"wp:term":[{"taxonomy":"product_cat","embeddable":true,"href":"https:\/\/bullet24.shop\/index.php?rest_route=%2Fwp%2Fv2%2Fproduct_cat&post=6407"},{"taxonomy":"product_tag","embeddable":true,"href":"https:\/\/bullet24.shop\/index.php?rest_route=%2Fwp%2Fv2%2Fproduct_tag&post=6407"}],"curies":[{"name":"wp","href":"https:\/\/api.w.org\/{rel}","templated":true}]}}