{"id":6805,"date":"2026-03-18T21:02:14","date_gmt":"2026-03-18T21:02:14","guid":{"rendered":"https:\/\/bullet24.shop\/?post_type=product&#038;p=6805"},"modified":"2026-03-20T17:45:59","modified_gmt":"2026-03-20T17:45:59","slug":"omega-3-epa-dha","status":"publish","type":"product","link":"https:\/\/bullet24.shop\/?product=omega-3-epa-dha","title":{"rendered":"Omega 3 60 C\u00e1psulas Blandas"},"content":{"rendered":"<p><strong>Omega 3<\/strong>\u00a0de Formulation Makers\u2122 es un suplemento en c\u00e1psulas blandas que aporta \u00e1cidos grasos esenciales, dise\u00f1ado para complementar el bienestar general.<\/p>\n<p>Si est\u00e1s buscando\u00a0<strong>omega 3 en Costa Rica<\/strong>, esta presentaci\u00f3n de 60 c\u00e1psulas blandas es una opci\u00f3n pr\u00e1ctica para integrar en tu rutina diaria.<\/p>\n<h3>Beneficios principales<\/h3>\n<ul>\n<li>Aporta \u00e1cidos grasos esenciales<\/li>\n<li>Apoya el bienestar general<\/li>\n<li>Formato pr\u00e1ctico en c\u00e1psulas blandas<\/li>\n<li>F\u00e1cil integraci\u00f3n en la rutina diaria<\/li>\n<\/ul>\n<h3>Especificaciones del producto<\/h3>\n<table border=\"1\" cellpadding=\"10\">\n<tbody>\n<tr>\n<th align=\"left\">Caracter\u00edstica<\/th>\n<th align=\"left\">Detalle<\/th>\n<\/tr>\n<tr>\n<td>Nombre<\/td>\n<td>Omega 3<\/td>\n<\/tr>\n<tr>\n<td>Presentaci\u00f3n<\/td>\n<td>60 c\u00e1psulas blandas<\/td>\n<\/tr>\n<tr>\n<td>Tipo<\/td>\n<td>Suplemento de Omega 3<\/td>\n<\/tr>\n<\/tbody>\n<\/table>\n<h3>Modo de uso<\/h3>\n<p>Consumir seg\u00fan indicaciones del producto o recomendaci\u00f3n de un profesional.<\/p>\n<h3>Recomendaciones<\/h3>\n<ul>\n<li>Uso constante para mejores resultados<\/li>\n<li>Complementar con una alimentaci\u00f3n balanceada<\/li>\n<li>Conservar en lugar fresco y seco<\/li>\n<\/ul>\n","protected":false},"excerpt":{"rendered":"<p>Suplemento de Omega 3 en c\u00e1psulas blandas dise\u00f1ado para apoyar el bienestar general. Disponible en Costa Rica en presentaci\u00f3n de 60 c\u00e1psulas.<\/p>\n","protected":false},"featured_media":6845,"comment_status":"open","ping_status":"closed","template":"","meta":[],"product_cat":[250,83,64],"product_tag":[91,92,93,90,76],"class_list":{"0":"post-6805","1":"product","2":"type-product","3":"status-publish","4":"has-post-thumbnail","6":"product_brand-formulation-makers","7":"product_cat-dormir-mejor-estres","8":"product_cat-omega-3","9":"product_cat-corazon-y-circulacion","10":"product_tag-aceite-de-pescado","11":"product_tag-epa-dha","12":"product_tag-omega-3-costa-rica","13":"product_tag-salud-general","14":"product_tag-suplementos-costa-rica","15":"pa_presentacion-capsulas-blandas","17":"first","18":"instock","19":"shipping-taxable","20":"purchasable","21":"product-type-simple"},"yoast_head":"<!-- This site is optimized with the Yoast SEO plugin v27.0 - https:\/\/yoast.com\/product\/yoast-seo-wordpress\/ -->\n<title>Omega 3 Costa Rica | Mega EPA DHA 30 c\u00e1psulas<\/title>\n<meta name=\"description\" content=\"Omega 3 en Costa Rica con EPA y DHA en c\u00e1psulas softgel. Suplemento para bienestar general en presentaci\u00f3n de 30 c\u00e1psulas.\" \/>\n<meta name=\"robots\" content=\"index, follow, max-snippet:-1, max-image-preview:large, max-video-preview:-1\" \/>\n<link rel=\"canonical\" href=\"https:\/\/bullet24.shop\/producto\/omega-3-epa-dha\/\" \/>\n<meta property=\"og:locale\" content=\"es_ES\" \/>\n<meta property=\"og:type\" content=\"article\" \/>\n<meta property=\"og:title\" content=\"Omega 3 Costa Rica | Mega EPA DHA 30 c\u00e1psulas\" \/>\n<meta property=\"og:description\" content=\"Omega 3 en Costa Rica con EPA y DHA en c\u00e1psulas softgel. Suplemento para bienestar general en presentaci\u00f3n de 30 c\u00e1psulas.\" \/>\n<meta property=\"og:url\" content=\"https:\/\/bullet24.shop\/producto\/omega-3-epa-dha\/\" \/>\n<meta property=\"og:site_name\" content=\"Bullet24\" \/>\n<meta property=\"article:modified_time\" content=\"2026-03-20T17:45:59+00:00\" \/>\n<meta property=\"og:image\" content=\"https:\/\/bullet24.shop\/wp-content\/uploads\/2026\/03\/B-100-vitaminas-del-complejo-B-1.png\" \/>\n\t<meta property=\"og:image:width\" content=\"1200\" \/>\n\t<meta property=\"og:image:height\" content=\"1200\" \/>\n\t<meta property=\"og:image:type\" content=\"image\/png\" \/>\n<meta name=\"twitter:card\" content=\"summary_large_image\" \/>\n<meta name=\"twitter:label1\" content=\"Tiempo de lectura\" \/>\n\t<meta name=\"twitter:data1\" content=\"1 minuto\" \/>\n<script type=\"application\/ld+json\" class=\"yoast-schema-graph\">{\"@context\":\"https:\/\/schema.org\",\"@graph\":[{\"@type\":\"WebPage\",\"@id\":\"https:\/\/bullet24.shop\/producto\/omega-3-epa-dha\/\",\"url\":\"https:\/\/bullet24.shop\/producto\/omega-3-epa-dha\/\",\"name\":\"Omega 3 Costa Rica | Mega EPA DHA 30 c\u00e1psulas\",\"isPartOf\":{\"@id\":\"https:\/\/bullet24.shop\/#website\"},\"primaryImageOfPage\":{\"@id\":\"https:\/\/bullet24.shop\/producto\/omega-3-epa-dha\/#primaryimage\"},\"image\":{\"@id\":\"https:\/\/bullet24.shop\/producto\/omega-3-epa-dha\/#primaryimage\"},\"thumbnailUrl\":\"https:\/\/bullet24.shop\/wp-content\/uploads\/2026\/03\/B-100-vitaminas-del-complejo-B-1.png\",\"datePublished\":\"2026-03-18T21:02:14+00:00\",\"dateModified\":\"2026-03-20T17:45:59+00:00\",\"description\":\"Omega 3 en Costa Rica con EPA y DHA en c\u00e1psulas softgel. Suplemento para bienestar general en presentaci\u00f3n de 30 c\u00e1psulas.\",\"breadcrumb\":{\"@id\":\"https:\/\/bullet24.shop\/producto\/omega-3-epa-dha\/#breadcrumb\"},\"inLanguage\":\"es\",\"potentialAction\":[{\"@type\":\"ReadAction\",\"target\":[\"https:\/\/bullet24.shop\/producto\/omega-3-epa-dha\/\"]}]},{\"@type\":\"ImageObject\",\"inLanguage\":\"es\",\"@id\":\"https:\/\/bullet24.shop\/producto\/omega-3-epa-dha\/#primaryimage\",\"url\":\"https:\/\/bullet24.shop\/wp-content\/uploads\/2026\/03\/B-100-vitaminas-del-complejo-B-1.png\",\"contentUrl\":\"https:\/\/bullet24.shop\/wp-content\/uploads\/2026\/03\/B-100-vitaminas-del-complejo-B-1.png\",\"width\":1200,\"height\":1200},{\"@type\":\"BreadcrumbList\",\"@id\":\"https:\/\/bullet24.shop\/producto\/omega-3-epa-dha\/#breadcrumb\",\"itemListElement\":[{\"@type\":\"ListItem\",\"position\":1,\"name\":\"Home\",\"item\":\"https:\/\/bullet24.shop\/\"},{\"@type\":\"ListItem\",\"position\":2,\"name\":\"Tienda\",\"item\":\"https:\/\/bullet24.shop\/tienda\/\"},{\"@type\":\"ListItem\",\"position\":3,\"name\":\"Omega 3 60 C\u00e1psulas Blandas\"}]},{\"@type\":\"WebSite\",\"@id\":\"https:\/\/bullet24.shop\/#website\",\"url\":\"https:\/\/bullet24.shop\/\",\"name\":\"Bullet24\",\"description\":\"\",\"publisher\":{\"@id\":\"https:\/\/bullet24.shop\/#organization\"},\"potentialAction\":[{\"@type\":\"SearchAction\",\"target\":{\"@type\":\"EntryPoint\",\"urlTemplate\":\"https:\/\/bullet24.shop\/?s={search_term_string}\"},\"query-input\":{\"@type\":\"PropertyValueSpecification\",\"valueRequired\":true,\"valueName\":\"search_term_string\"}}],\"inLanguage\":\"es\"},{\"@type\":\"Organization\",\"@id\":\"https:\/\/bullet24.shop\/#organization\",\"name\":\"Bullet24\",\"url\":\"https:\/\/bullet24.shop\/\",\"logo\":{\"@type\":\"ImageObject\",\"inLanguage\":\"es\",\"@id\":\"https:\/\/bullet24.shop\/#\/schema\/logo\/image\/\",\"url\":\"https:\/\/bullet24.shop\/wp-content\/uploads\/2025\/10\/Mask-group.png\",\"contentUrl\":\"https:\/\/bullet24.shop\/wp-content\/uploads\/2025\/10\/Mask-group.png\",\"width\":1483,\"height\":385,\"caption\":\"Bullet24\"},\"image\":{\"@id\":\"https:\/\/bullet24.shop\/#\/schema\/logo\/image\/\"}}]}<\/script>\n<!-- \/ Yoast SEO plugin. -->","yoast_head_json":{"title":"Omega 3 Costa Rica | Mega EPA DHA 30 c\u00e1psulas","description":"Omega 3 en Costa Rica con EPA y DHA en c\u00e1psulas softgel. Suplemento para bienestar general en presentaci\u00f3n de 30 c\u00e1psulas.","robots":{"index":"index","follow":"follow","max-snippet":"max-snippet:-1","max-image-preview":"max-image-preview:large","max-video-preview":"max-video-preview:-1"},"canonical":"https:\/\/bullet24.shop\/producto\/omega-3-epa-dha\/","og_locale":"es_ES","og_type":"article","og_title":"Omega 3 Costa Rica | Mega EPA DHA 30 c\u00e1psulas","og_description":"Omega 3 en Costa Rica con EPA y DHA en c\u00e1psulas softgel. Suplemento para bienestar general en presentaci\u00f3n de 30 c\u00e1psulas.","og_url":"https:\/\/bullet24.shop\/producto\/omega-3-epa-dha\/","og_site_name":"Bullet24","article_modified_time":"2026-03-20T17:45:59+00:00","og_image":[{"width":1200,"height":1200,"url":"https:\/\/bullet24.shop\/wp-content\/uploads\/2026\/03\/B-100-vitaminas-del-complejo-B-1.png","type":"image\/png"}],"twitter_card":"summary_large_image","twitter_misc":{"Tiempo de lectura":"1 minuto"},"schema":{"@context":"https:\/\/schema.org","@graph":[{"@type":"WebPage","@id":"https:\/\/bullet24.shop\/producto\/omega-3-epa-dha\/","url":"https:\/\/bullet24.shop\/producto\/omega-3-epa-dha\/","name":"Omega 3 Costa Rica | Mega EPA DHA 30 c\u00e1psulas","isPartOf":{"@id":"https:\/\/bullet24.shop\/#website"},"primaryImageOfPage":{"@id":"https:\/\/bullet24.shop\/producto\/omega-3-epa-dha\/#primaryimage"},"image":{"@id":"https:\/\/bullet24.shop\/producto\/omega-3-epa-dha\/#primaryimage"},"thumbnailUrl":"https:\/\/bullet24.shop\/wp-content\/uploads\/2026\/03\/B-100-vitaminas-del-complejo-B-1.png","datePublished":"2026-03-18T21:02:14+00:00","dateModified":"2026-03-20T17:45:59+00:00","description":"Omega 3 en Costa Rica con EPA y DHA en c\u00e1psulas softgel. Suplemento para bienestar general en presentaci\u00f3n de 30 c\u00e1psulas.","breadcrumb":{"@id":"https:\/\/bullet24.shop\/producto\/omega-3-epa-dha\/#breadcrumb"},"inLanguage":"es","potentialAction":[{"@type":"ReadAction","target":["https:\/\/bullet24.shop\/producto\/omega-3-epa-dha\/"]}]},{"@type":"ImageObject","inLanguage":"es","@id":"https:\/\/bullet24.shop\/producto\/omega-3-epa-dha\/#primaryimage","url":"https:\/\/bullet24.shop\/wp-content\/uploads\/2026\/03\/B-100-vitaminas-del-complejo-B-1.png","contentUrl":"https:\/\/bullet24.shop\/wp-content\/uploads\/2026\/03\/B-100-vitaminas-del-complejo-B-1.png","width":1200,"height":1200},{"@type":"BreadcrumbList","@id":"https:\/\/bullet24.shop\/producto\/omega-3-epa-dha\/#breadcrumb","itemListElement":[{"@type":"ListItem","position":1,"name":"Home","item":"https:\/\/bullet24.shop\/"},{"@type":"ListItem","position":2,"name":"Tienda","item":"https:\/\/bullet24.shop\/tienda\/"},{"@type":"ListItem","position":3,"name":"Omega 3 60 C\u00e1psulas Blandas"}]},{"@type":"WebSite","@id":"https:\/\/bullet24.shop\/#website","url":"https:\/\/bullet24.shop\/","name":"Bullet24","description":"","publisher":{"@id":"https:\/\/bullet24.shop\/#organization"},"potentialAction":[{"@type":"SearchAction","target":{"@type":"EntryPoint","urlTemplate":"https:\/\/bullet24.shop\/?s={search_term_string}"},"query-input":{"@type":"PropertyValueSpecification","valueRequired":true,"valueName":"search_term_string"}}],"inLanguage":"es"},{"@type":"Organization","@id":"https:\/\/bullet24.shop\/#organization","name":"Bullet24","url":"https:\/\/bullet24.shop\/","logo":{"@type":"ImageObject","inLanguage":"es","@id":"https:\/\/bullet24.shop\/#\/schema\/logo\/image\/","url":"https:\/\/bullet24.shop\/wp-content\/uploads\/2025\/10\/Mask-group.png","contentUrl":"https:\/\/bullet24.shop\/wp-content\/uploads\/2025\/10\/Mask-group.png","width":1483,"height":385,"caption":"Bullet24"},"image":{"@id":"https:\/\/bullet24.shop\/#\/schema\/logo\/image\/"}}]}},"_links":{"self":[{"href":"https:\/\/bullet24.shop\/index.php?rest_route=\/wp\/v2\/product\/6805","targetHints":{"allow":["GET"]}}],"collection":[{"href":"https:\/\/bullet24.shop\/index.php?rest_route=\/wp\/v2\/product"}],"about":[{"href":"https:\/\/bullet24.shop\/index.php?rest_route=\/wp\/v2\/types\/product"}],"replies":[{"embeddable":true,"href":"https:\/\/bullet24.shop\/index.php?rest_route=%2Fwp%2Fv2%2Fcomments&post=6805"}],"wp:featuredmedia":[{"embeddable":true,"href":"https:\/\/bullet24.shop\/index.php?rest_route=\/wp\/v2\/media\/6845"}],"wp:attachment":[{"href":"https:\/\/bullet24.shop\/index.php?rest_route=%2Fwp%2Fv2%2Fmedia&parent=6805"}],"wp:term":[{"taxonomy":"product_cat","embeddable":true,"href":"https:\/\/bullet24.shop\/index.php?rest_route=%2Fwp%2Fv2%2Fproduct_cat&post=6805"},{"taxonomy":"product_tag","embeddable":true,"href":"https:\/\/bullet24.shop\/index.php?rest_route=%2Fwp%2Fv2%2Fproduct_tag&post=6805"}],"curies":[{"name":"wp","href":"https:\/\/api.w.org\/{rel}","templated":true}]}}