{"id":6822,"date":"2026-03-18T21:39:22","date_gmt":"2026-03-18T21:39:22","guid":{"rendered":"https:\/\/bullet24.shop\/?post_type=product&#038;p=6822"},"modified":"2026-03-27T21:09:58","modified_gmt":"2026-03-27T21:09:58","slug":"detox-capsulas","status":"publish","type":"product","link":"https:\/\/bullet24.shop\/?product=detox-capsulas","title":{"rendered":"Detoxificador Natural 60 C\u00e1psulas"},"content":{"rendered":"<p><strong>Detoxificador Natural<\/strong>\u00a0de Formulation Makers\u2122 es una f\u00f3rmula dise\u00f1ada para apoyar los procesos naturales de desintoxicaci\u00f3n del organismo.<\/p>\n<p>Si est\u00e1s buscando un suplemento\u00a0<strong>detox en Costa Rica<\/strong>, esta presentaci\u00f3n de 60 c\u00e1psulas es una opci\u00f3n pr\u00e1ctica para complementar tu rutina diaria.<\/p>\n<h3>Beneficios principales<\/h3>\n<ul>\n<li>Apoya los procesos naturales de desintoxicaci\u00f3n<\/li>\n<li>Contribuye al bienestar general<\/li>\n<li>Complemento para rutinas de limpieza del organismo<\/li>\n<li>Formato pr\u00e1ctico en c\u00e1psulas<\/li>\n<\/ul>\n<h3>Especificaciones del producto<\/h3>\n<table border=\"1\" cellpadding=\"10\">\n<tbody>\n<tr>\n<th align=\"left\">Caracter\u00edstica<\/th>\n<th align=\"left\">Detalle<\/th>\n<\/tr>\n<tr>\n<td>Nombre<\/td>\n<td>Detoxificador Natural<\/td>\n<\/tr>\n<tr>\n<td>Presentaci\u00f3n<\/td>\n<td>60 c\u00e1psulas<\/td>\n<\/tr>\n<tr>\n<td>Tipo<\/td>\n<td>Suplemento detox<\/td>\n<\/tr>\n<\/tbody>\n<\/table>\n<h3>Modo de uso<\/h3>\n<p>Consumir seg\u00fan indicaciones del producto o recomendaci\u00f3n de un profesional.<\/p>\n<h3>Recomendaciones<\/h3>\n<ul>\n<li>Uso constante para mejores resultados<\/li>\n<li>Complementar con h\u00e1bitos saludables<\/li>\n<li>Conservar en lugar fresco y seco<\/li>\n<\/ul>\n","protected":false},"excerpt":{"rendered":"<p data-start=\"666\" data-end=\"825\">F\u00f3rmula dise\u00f1ada para apoyar los procesos naturales de desintoxicaci\u00f3n del organismo. Suplemento detox disponible en Costa Rica en presentaci\u00f3n de 60 c\u00e1psulas.<\/p>\n","protected":false},"featured_media":6824,"comment_status":"open","ping_status":"closed","template":"","meta":[],"product_cat":[251],"product_tag":[109,107,106,108,76],"class_list":{"0":"post-6822","1":"product","2":"type-product","3":"status-publish","4":"has-post-thumbnail","6":"product_brand-formulation-makers","7":"product_cat-digestivo-detox","8":"product_tag-bienestar","9":"product_tag-desintoxicacion","10":"product_tag-detox-costa-rica","11":"product_tag-limpieza-del-organismo","12":"product_tag-suplementos-costa-rica","13":"pa_presentacion-capsulas","15":"first","16":"instock","17":"shipping-taxable","18":"purchasable","19":"product-type-simple"},"yoast_head":"<!-- This site is optimized with the Yoast SEO plugin v27.0 - https:\/\/yoast.com\/product\/yoast-seo-wordpress\/ -->\n<title>Detox Costa Rica | Detoxificador Natural 60 C\u00e1psulas<\/title>\n<meta name=\"description\" content=\"Suplemento detox en Costa Rica en c\u00e1psulas. Apoyo para los procesos naturales de desintoxicaci\u00f3n del organismo. Presentaci\u00f3n de 60 c\u00e1psulas.\" \/>\n<meta name=\"robots\" content=\"index, follow, max-snippet:-1, max-image-preview:large, max-video-preview:-1\" \/>\n<link rel=\"canonical\" href=\"https:\/\/bullet24.shop\/producto\/detox-capsulas\/\" \/>\n<meta property=\"og:locale\" content=\"es_ES\" \/>\n<meta property=\"og:type\" content=\"article\" \/>\n<meta property=\"og:title\" content=\"Detox Costa Rica | Detoxificador Natural 60 C\u00e1psulas\" \/>\n<meta property=\"og:description\" content=\"Suplemento detox en Costa Rica en c\u00e1psulas. Apoyo para los procesos naturales de desintoxicaci\u00f3n del organismo. Presentaci\u00f3n de 60 c\u00e1psulas.\" \/>\n<meta property=\"og:url\" content=\"https:\/\/bullet24.shop\/producto\/detox-capsulas\/\" \/>\n<meta property=\"og:site_name\" content=\"Bullet24\" \/>\n<meta property=\"article:modified_time\" content=\"2026-03-27T21:09:58+00:00\" \/>\n<meta property=\"og:image\" content=\"https:\/\/bullet24.shop\/wp-content\/uploads\/2026\/03\/Detoxificador-Natural-60-Ca\u0301psulas.png\" \/>\n\t<meta property=\"og:image:width\" content=\"1200\" \/>\n\t<meta property=\"og:image:height\" content=\"1200\" \/>\n\t<meta property=\"og:image:type\" content=\"image\/png\" \/>\n<meta name=\"twitter:card\" content=\"summary_large_image\" \/>\n<meta name=\"twitter:label1\" content=\"Tiempo de lectura\" \/>\n\t<meta name=\"twitter:data1\" content=\"1 minuto\" \/>\n<script type=\"application\/ld+json\" class=\"yoast-schema-graph\">{\"@context\":\"https:\/\/schema.org\",\"@graph\":[{\"@type\":\"WebPage\",\"@id\":\"https:\/\/bullet24.shop\/producto\/detox-capsulas\/\",\"url\":\"https:\/\/bullet24.shop\/producto\/detox-capsulas\/\",\"name\":\"Detox Costa Rica | Detoxificador Natural 60 C\u00e1psulas\",\"isPartOf\":{\"@id\":\"https:\/\/bullet24.shop\/#website\"},\"primaryImageOfPage\":{\"@id\":\"https:\/\/bullet24.shop\/producto\/detox-capsulas\/#primaryimage\"},\"image\":{\"@id\":\"https:\/\/bullet24.shop\/producto\/detox-capsulas\/#primaryimage\"},\"thumbnailUrl\":\"https:\/\/bullet24.shop\/wp-content\/uploads\/2026\/03\/Detoxificador-Natural-60-Ca\u0301psulas.png\",\"datePublished\":\"2026-03-18T21:39:22+00:00\",\"dateModified\":\"2026-03-27T21:09:58+00:00\",\"description\":\"Suplemento detox en Costa Rica en c\u00e1psulas. Apoyo para los procesos naturales de desintoxicaci\u00f3n del organismo. Presentaci\u00f3n de 60 c\u00e1psulas.\",\"breadcrumb\":{\"@id\":\"https:\/\/bullet24.shop\/producto\/detox-capsulas\/#breadcrumb\"},\"inLanguage\":\"es\",\"potentialAction\":[{\"@type\":\"ReadAction\",\"target\":[\"https:\/\/bullet24.shop\/producto\/detox-capsulas\/\"]}]},{\"@type\":\"ImageObject\",\"inLanguage\":\"es\",\"@id\":\"https:\/\/bullet24.shop\/producto\/detox-capsulas\/#primaryimage\",\"url\":\"https:\/\/bullet24.shop\/wp-content\/uploads\/2026\/03\/Detoxificador-Natural-60-Ca\u0301psulas.png\",\"contentUrl\":\"https:\/\/bullet24.shop\/wp-content\/uploads\/2026\/03\/Detoxificador-Natural-60-Ca\u0301psulas.png\",\"width\":1200,\"height\":1200},{\"@type\":\"BreadcrumbList\",\"@id\":\"https:\/\/bullet24.shop\/producto\/detox-capsulas\/#breadcrumb\",\"itemListElement\":[{\"@type\":\"ListItem\",\"position\":1,\"name\":\"Home\",\"item\":\"https:\/\/bullet24.shop\/\"},{\"@type\":\"ListItem\",\"position\":2,\"name\":\"Tienda\",\"item\":\"https:\/\/bullet24.shop\/tienda\/\"},{\"@type\":\"ListItem\",\"position\":3,\"name\":\"Detoxificador Natural 60 C\u00e1psulas\"}]},{\"@type\":\"WebSite\",\"@id\":\"https:\/\/bullet24.shop\/#website\",\"url\":\"https:\/\/bullet24.shop\/\",\"name\":\"Bullet24\",\"description\":\"\",\"publisher\":{\"@id\":\"https:\/\/bullet24.shop\/#organization\"},\"potentialAction\":[{\"@type\":\"SearchAction\",\"target\":{\"@type\":\"EntryPoint\",\"urlTemplate\":\"https:\/\/bullet24.shop\/?s={search_term_string}\"},\"query-input\":{\"@type\":\"PropertyValueSpecification\",\"valueRequired\":true,\"valueName\":\"search_term_string\"}}],\"inLanguage\":\"es\"},{\"@type\":\"Organization\",\"@id\":\"https:\/\/bullet24.shop\/#organization\",\"name\":\"Bullet24\",\"url\":\"https:\/\/bullet24.shop\/\",\"logo\":{\"@type\":\"ImageObject\",\"inLanguage\":\"es\",\"@id\":\"https:\/\/bullet24.shop\/#\/schema\/logo\/image\/\",\"url\":\"https:\/\/bullet24.shop\/wp-content\/uploads\/2025\/10\/Mask-group.png\",\"contentUrl\":\"https:\/\/bullet24.shop\/wp-content\/uploads\/2025\/10\/Mask-group.png\",\"width\":1483,\"height\":385,\"caption\":\"Bullet24\"},\"image\":{\"@id\":\"https:\/\/bullet24.shop\/#\/schema\/logo\/image\/\"}}]}<\/script>\n<!-- \/ Yoast SEO plugin. -->","yoast_head_json":{"title":"Detox Costa Rica | Detoxificador Natural 60 C\u00e1psulas","description":"Suplemento detox en Costa Rica en c\u00e1psulas. Apoyo para los procesos naturales de desintoxicaci\u00f3n del organismo. Presentaci\u00f3n de 60 c\u00e1psulas.","robots":{"index":"index","follow":"follow","max-snippet":"max-snippet:-1","max-image-preview":"max-image-preview:large","max-video-preview":"max-video-preview:-1"},"canonical":"https:\/\/bullet24.shop\/producto\/detox-capsulas\/","og_locale":"es_ES","og_type":"article","og_title":"Detox Costa Rica | Detoxificador Natural 60 C\u00e1psulas","og_description":"Suplemento detox en Costa Rica en c\u00e1psulas. Apoyo para los procesos naturales de desintoxicaci\u00f3n del organismo. Presentaci\u00f3n de 60 c\u00e1psulas.","og_url":"https:\/\/bullet24.shop\/producto\/detox-capsulas\/","og_site_name":"Bullet24","article_modified_time":"2026-03-27T21:09:58+00:00","og_image":[{"width":1200,"height":1200,"url":"https:\/\/bullet24.shop\/wp-content\/uploads\/2026\/03\/Detoxificador-Natural-60-Ca\u0301psulas.png","type":"image\/png"}],"twitter_card":"summary_large_image","twitter_misc":{"Tiempo de lectura":"1 minuto"},"schema":{"@context":"https:\/\/schema.org","@graph":[{"@type":"WebPage","@id":"https:\/\/bullet24.shop\/producto\/detox-capsulas\/","url":"https:\/\/bullet24.shop\/producto\/detox-capsulas\/","name":"Detox Costa Rica | Detoxificador Natural 60 C\u00e1psulas","isPartOf":{"@id":"https:\/\/bullet24.shop\/#website"},"primaryImageOfPage":{"@id":"https:\/\/bullet24.shop\/producto\/detox-capsulas\/#primaryimage"},"image":{"@id":"https:\/\/bullet24.shop\/producto\/detox-capsulas\/#primaryimage"},"thumbnailUrl":"https:\/\/bullet24.shop\/wp-content\/uploads\/2026\/03\/Detoxificador-Natural-60-Ca\u0301psulas.png","datePublished":"2026-03-18T21:39:22+00:00","dateModified":"2026-03-27T21:09:58+00:00","description":"Suplemento detox en Costa Rica en c\u00e1psulas. Apoyo para los procesos naturales de desintoxicaci\u00f3n del organismo. Presentaci\u00f3n de 60 c\u00e1psulas.","breadcrumb":{"@id":"https:\/\/bullet24.shop\/producto\/detox-capsulas\/#breadcrumb"},"inLanguage":"es","potentialAction":[{"@type":"ReadAction","target":["https:\/\/bullet24.shop\/producto\/detox-capsulas\/"]}]},{"@type":"ImageObject","inLanguage":"es","@id":"https:\/\/bullet24.shop\/producto\/detox-capsulas\/#primaryimage","url":"https:\/\/bullet24.shop\/wp-content\/uploads\/2026\/03\/Detoxificador-Natural-60-Ca\u0301psulas.png","contentUrl":"https:\/\/bullet24.shop\/wp-content\/uploads\/2026\/03\/Detoxificador-Natural-60-Ca\u0301psulas.png","width":1200,"height":1200},{"@type":"BreadcrumbList","@id":"https:\/\/bullet24.shop\/producto\/detox-capsulas\/#breadcrumb","itemListElement":[{"@type":"ListItem","position":1,"name":"Home","item":"https:\/\/bullet24.shop\/"},{"@type":"ListItem","position":2,"name":"Tienda","item":"https:\/\/bullet24.shop\/tienda\/"},{"@type":"ListItem","position":3,"name":"Detoxificador Natural 60 C\u00e1psulas"}]},{"@type":"WebSite","@id":"https:\/\/bullet24.shop\/#website","url":"https:\/\/bullet24.shop\/","name":"Bullet24","description":"","publisher":{"@id":"https:\/\/bullet24.shop\/#organization"},"potentialAction":[{"@type":"SearchAction","target":{"@type":"EntryPoint","urlTemplate":"https:\/\/bullet24.shop\/?s={search_term_string}"},"query-input":{"@type":"PropertyValueSpecification","valueRequired":true,"valueName":"search_term_string"}}],"inLanguage":"es"},{"@type":"Organization","@id":"https:\/\/bullet24.shop\/#organization","name":"Bullet24","url":"https:\/\/bullet24.shop\/","logo":{"@type":"ImageObject","inLanguage":"es","@id":"https:\/\/bullet24.shop\/#\/schema\/logo\/image\/","url":"https:\/\/bullet24.shop\/wp-content\/uploads\/2025\/10\/Mask-group.png","contentUrl":"https:\/\/bullet24.shop\/wp-content\/uploads\/2025\/10\/Mask-group.png","width":1483,"height":385,"caption":"Bullet24"},"image":{"@id":"https:\/\/bullet24.shop\/#\/schema\/logo\/image\/"}}]}},"_links":{"self":[{"href":"https:\/\/bullet24.shop\/index.php?rest_route=\/wp\/v2\/product\/6822","targetHints":{"allow":["GET"]}}],"collection":[{"href":"https:\/\/bullet24.shop\/index.php?rest_route=\/wp\/v2\/product"}],"about":[{"href":"https:\/\/bullet24.shop\/index.php?rest_route=\/wp\/v2\/types\/product"}],"replies":[{"embeddable":true,"href":"https:\/\/bullet24.shop\/index.php?rest_route=%2Fwp%2Fv2%2Fcomments&post=6822"}],"wp:featuredmedia":[{"embeddable":true,"href":"https:\/\/bullet24.shop\/index.php?rest_route=\/wp\/v2\/media\/6824"}],"wp:attachment":[{"href":"https:\/\/bullet24.shop\/index.php?rest_route=%2Fwp%2Fv2%2Fmedia&parent=6822"}],"wp:term":[{"taxonomy":"product_cat","embeddable":true,"href":"https:\/\/bullet24.shop\/index.php?rest_route=%2Fwp%2Fv2%2Fproduct_cat&post=6822"},{"taxonomy":"product_tag","embeddable":true,"href":"https:\/\/bullet24.shop\/index.php?rest_route=%2Fwp%2Fv2%2Fproduct_tag&post=6822"}],"curies":[{"name":"wp","href":"https:\/\/api.w.org\/{rel}","templated":true}]}}